{"id":105,"date":"2015-03-04T00:15:17","date_gmt":"2015-03-03T22:15:17","guid":{"rendered":"http:\/\/mx-3.lt\/?page_id=105"},"modified":"2015-03-05T19:17:57","modified_gmt":"2015-03-05T17:17:57","slug":"2-parama","status":"publish","type":"page","link":"https:\/\/mx-3.lt\/?page_id=105","title":{"rendered":"2% parama"},"content":{"rendered":"<p><strong>Nor\u0117dami skirti savo 2% gyventoj\u0173 pajam\u0173 pajam\u0173 mokes\u010dio \u201eMX-3 klubui\u201c, naudodamiesi <a href=\"http:\/\/deklaravimas.vmi.lt\/\" target=\"_blank\">elektronine deklaravimo sistema (EDS)<\/a> u\u017epildykite FR0512 pra\u0161ymo form\u0105:<\/strong><\/p>\n<ul>\n<li>prisijunkite prie J\u016bs\u0173 elektronin\u0117s bankininkyst\u0117s tiesiogiai per bank\u0105, arba per EDS svetain\u0119;<\/li>\n<li>pasirinkite \u201eParamos skyrimas\u201c;<\/li>\n<li>pateiktame form\u0173 s\u0105ra\u0161e pasirinkite FR0512 form\u0105;<\/li>\n<li>pasirinkite \u201ePildyti form\u0105 tiesiogiai portale\u201c;<\/li>\n<li>u\u017epildykite form\u0105, naudodamiesi <a href=\"http:\/\/mx-3.lt\/?page_id=107\">rekvizitais<\/a> ir pateikite.<\/li>\n<\/ul>\n<p>FR0512 pra\u0161ymo form\u0105 taip pat galima u\u017epildyti ranka (arba atspausdinti u\u017epild\u017eius kompiuteriu) bei perduoti savo apskrities Valstybinei mokes\u010di\u0173 inspekcijai pa\u0161tu arba pristatant tiesiogiai.<\/p>\n<p><strong>Svarbu \u017einoti:<\/strong><\/p>\n<ul>\n<li>Pra\u0161ym\u0105 valstybinei mokes\u010di\u0173 inspekcijai pervesti 2% J\u016bs\u0173 GPM b\u016btina pateikti ne v\u0117liau nei <strong>iki gegu\u017e\u0117s 2 dienos<\/strong> pabaigos;<\/li>\n<li>Pra\u0161ym\u0105 pervesti 2% GPM turite pateikti kartu su metine pajam\u0173 deklaracija; jei metin\u0117s pajam\u0173 mokes\u010dio deklaracijos teikti neprivalote, pra\u0161ym\u0105 apskrities valstybinei mokes\u010di\u0173 inspekcijai turite pateikti patys;<\/li>\n<li>Jeigu J\u016bs apsisprend\u0117te pakeisti\/koreguoti savo sprendim\u0105 d\u0117l 2% pajam\u0173 skyrimo, v\u0117liausiai VMI gautas pra\u0161ymas skirti J\u016bs\u0173 2% pajam\u0173 mokes\u010dio anuliuoja ankstesniuosius;<\/li>\n<li>Jei norite pasitikslinti ar J\u016bs galite skirti savo 2 procentus sumok\u0117to pajam\u0173 mokes\u010dio paramai, ir kokiu b\u016bdu, spustelkite <a href=\"http:\/\/www.vmi.lt\/lt\/index.aspx?itemId=10139389\" target=\"_blank\">\u0161i\u0105 nuorod\u0105<\/a>.<\/li>\n<\/ul>\n","protected":false},"excerpt":{"rendered":"<p>Nor\u0117dami skirti savo 2% gyventoj\u0173 pajam\u0173 pajam\u0173 mokes\u010dio \u201eMX-3 klubui\u201c, naudodamiesi elektronine deklaravimo sistema (EDS) u\u017epildykite FR0512 pra\u0161ymo form\u0105: prisijunkite prie J\u016bs\u0173 elektronin\u0117s bankininkyst\u0117s tiesiogiai per bank\u0105, arba per EDS svetain\u0119; pasirinkite \u201eParamos skyrimas\u201c;&#46;&#46;&#46;<\/p>\n","protected":false},"author":2,"featured_media":0,"parent":0,"menu_order":0,"comment_status":"closed","ping_status":"closed","template":"","meta":[],"_links":{"self":[{"href":"https:\/\/mx-3.lt\/index.php?rest_route=\/wp\/v2\/pages\/105"}],"collection":[{"href":"https:\/\/mx-3.lt\/index.php?rest_route=\/wp\/v2\/pages"}],"about":[{"href":"https:\/\/mx-3.lt\/index.php?rest_route=\/wp\/v2\/types\/page"}],"author":[{"embeddable":true,"href":"https:\/\/mx-3.lt\/index.php?rest_route=\/wp\/v2\/users\/2"}],"replies":[{"embeddable":true,"href":"https:\/\/mx-3.lt\/index.php?rest_route=%2Fwp%2Fv2%2Fcomments&post=105"}],"version-history":[{"count":7,"href":"https:\/\/mx-3.lt\/index.php?rest_route=\/wp\/v2\/pages\/105\/revisions"}],"predecessor-version":[{"id":122,"href":"https:\/\/mx-3.lt\/index.php?rest_route=\/wp\/v2\/pages\/105\/revisions\/122"}],"wp:attachment":[{"href":"https:\/\/mx-3.lt\/index.php?rest_route=%2Fwp%2Fv2%2Fmedia&parent=105"}],"curies":[{"name":"wp","href":"https:\/\/api.w.org\/{rel}","templated":true}]}}