{"id":107,"date":"2015-03-04T00:17:19","date_gmt":"2015-03-03T22:17:19","guid":{"rendered":"http:\/\/mx-3.lt\/?page_id=107"},"modified":"2018-02-14T13:11:39","modified_gmt":"2018-02-14T11:11:39","slug":"rekvizitai","status":"publish","type":"page","link":"https:\/\/mx-3.lt\/?page_id=107","title":{"rendered":"Rekvizitai"},"content":{"rendered":"<p><strong>Teisin\u0117 forma:<\/strong>\u00a0asociacija<br \/>\n<strong>Pavadinimas:<\/strong> MX-3 klubas<br \/>\n<strong>Identifikacinis numeris:<\/strong> 302298139<br \/>\n<strong>Buvein\u0117:<\/strong> Muziejaus g. 3, 59211 Bir\u0161tonas, Lietuva<br \/>\n<strong>El.pa\u0161tas:<\/strong> mazda@mx-3.lt<\/p>\n<p><strong>S\u0105skaitos numeris:<\/strong> LT107300010113822295<br \/>\n<strong>Bankas:<\/strong> Swedbank<br \/>\n<strong>Banko kodas:<\/strong> 73000<br \/>\n<strong>SWIFT (BIC) kodas:<\/strong> HABALT22<\/p>\n","protected":false},"excerpt":{"rendered":"<p>Teisin\u0117 forma:\u00a0asociacija Pavadinimas: MX-3 klubas Identifikacinis numeris: 302298139 Buvein\u0117: Muziejaus g. 3, 59211 Bir\u0161tonas, Lietuva El.pa\u0161tas: mazda@mx-3.lt S\u0105skaitos numeris: LT107300010113822295 Bankas: Swedbank Banko kodas: 73000 SWIFT (BIC) kodas: HABALT22<\/p>\n","protected":false},"author":2,"featured_media":0,"parent":0,"menu_order":0,"comment_status":"closed","ping_status":"closed","template":"","meta":[],"_links":{"self":[{"href":"https:\/\/mx-3.lt\/index.php?rest_route=\/wp\/v2\/pages\/107"}],"collection":[{"href":"https:\/\/mx-3.lt\/index.php?rest_route=\/wp\/v2\/pages"}],"about":[{"href":"https:\/\/mx-3.lt\/index.php?rest_route=\/wp\/v2\/types\/page"}],"author":[{"embeddable":true,"href":"https:\/\/mx-3.lt\/index.php?rest_route=\/wp\/v2\/users\/2"}],"replies":[{"embeddable":true,"href":"https:\/\/mx-3.lt\/index.php?rest_route=%2Fwp%2Fv2%2Fcomments&post=107"}],"version-history":[{"count":8,"href":"https:\/\/mx-3.lt\/index.php?rest_route=\/wp\/v2\/pages\/107\/revisions"}],"predecessor-version":[{"id":537,"href":"https:\/\/mx-3.lt\/index.php?rest_route=\/wp\/v2\/pages\/107\/revisions\/537"}],"wp:attachment":[{"href":"https:\/\/mx-3.lt\/index.php?rest_route=%2Fwp%2Fv2%2Fmedia&parent=107"}],"curies":[{"name":"wp","href":"https:\/\/api.w.org\/{rel}","templated":true}]}}