{"id":592,"date":"2018-02-23T20:21:25","date_gmt":"2018-02-23T18:21:25","guid":{"rendered":"http:\/\/mx-3.lt\/?page_id=592"},"modified":"2018-02-24T15:38:47","modified_gmt":"2018-02-24T13:38:47","slug":"1-8-dohc-v6","status":"publish","type":"page","link":"https:\/\/mx-3.lt\/?page_id=592","title":{"rendered":"1.8 DOHC V6"},"content":{"rendered":"<p>Su \u0161iuo varikliu modelis buvo gaminamas 1991 &#8211; 1998 metais<\/p>\n<p><strong>K\u0117bulas<\/strong><br \/>\nK\u0117bulo tipas: kupe<br \/>\nIlgis: 4220 mm<br \/>\nPlotis: 1695 mm<br \/>\nAuk\u0161tis: 1310 mm<br \/>\nDur\u0173 skai\u010dius: 2<br \/>\nS\u0117dim\u0173 viet\u0173 skai\u010dius: 2+2<br \/>\nBaga\u017ein\u0117s talpa: 289L<br \/>\nAutomobilio mas\u0117: 1125 kg<br \/>\nLeistina bendroji mas\u0117: kg<\/p>\n<p><strong>Variklis<\/strong><br \/>\nCilindr\u0173 skai\u010dius: 6<br \/>\nVariklio kodas: K8<br \/>\nDarbinis t\u016bris: 1845 cm3<br \/>\nVo\u017etuv\u0173 skai\u010dius: 24<br \/>\nSuspaudimas: 9,2<br \/>\nKompresija: 9,8-13,3<br \/>\n\u017demiausias kuro oktaninis skai\u010dius: 91<br \/>\nLaisvos eigos apsisukimai: 670+\/-30 rpm<br \/>\nKuro pompos sl\u0117gis: 5,0-6,5 bar<br \/>\nTepalo sl\u0117gis: 3,3-4,9\/3000rpm<br \/>\nTermostatas atsidaro ties: 80-84C<br \/>\nVariklio tepalai:<br \/>\n* \u0161altas klimatas 5W30<br \/>\n* vidutinis klimatas 10W30<br \/>\n* kar\u0161tas klimatas 20W40<br \/>\n* vidutinis klimatas (alternatyva) 10W40<br \/>\nVariklio tepalo kiekis: 4L<br \/>\nPavar\u0173 d\u0117\u017e\u0117s tepalai: 75W90<br \/>\nPavar\u0173 d\u0117\u017e\u0117s tepal\u0173 kiekis: 2,7L<br \/>\nAutomatin\u0117s pavar\u0173 d\u0117\u017e\u0117s tepalai: Dexron II<br \/>\nAu\u0161inimo sistema: 7,5L<br \/>\nStabd\u017ei\u0173 skystis: DOT 3<br \/>\nVairo stiprintuvo skystis: Dexron II<br \/>\nVairo stiprintuvo skystis: 1,2L<\/p>\n<p><strong>Va\u017eiuokl\u0117<\/strong><br \/>\nPriekin\u0117: Amortizatorius<br \/>\nGalin\u0117: Sraigtin\u0117 spyruokl\u0117<br \/>\nVarantieji ratai: Priekiniai<br \/>\nRatai:<br \/>\n185\/65R14 85H<br \/>\n205\/55R15 87V<br \/>\nPadang\u0173 sl\u0117giai:<br \/>\nR14 2,0 bar<br \/>\nR15 2,0 bar<\/p>\n<p>Kita informacijaKuro sanaudos (100km\/l):<br \/>\n* Miestas 11,1l<br \/>\n* Greitkelis<br \/>\n* Mi\u0161rus<\/p>\n<p>Degal\u0173 bako talpa: 50l<br \/>\nMaksimalus greitis: 202km\/h<br \/>\n\u012esib\u0117g\u0117jimas (100km\/h): 8,5s<\/p>\n","protected":false},"excerpt":{"rendered":"<p>Su \u0161iuo varikliu modelis buvo gaminamas 1991 &#8211; 1998 metais K\u0117bulas K\u0117bulo tipas: kupe Ilgis: 4220 mm Plotis: 1695 mm Auk\u0161tis: 1310 mm Dur\u0173 skai\u010dius: 2 S\u0117dim\u0173 viet\u0173 skai\u010dius: 2+2 Baga\u017ein\u0117s talpa: 289L Automobilio&#46;&#46;&#46;<\/p>\n","protected":false},"author":3,"featured_media":0,"parent":0,"menu_order":0,"comment_status":"closed","ping_status":"closed","template":"","meta":[],"_links":{"self":[{"href":"https:\/\/mx-3.lt\/index.php?rest_route=\/wp\/v2\/pages\/592"}],"collection":[{"href":"https:\/\/mx-3.lt\/index.php?rest_route=\/wp\/v2\/pages"}],"about":[{"href":"https:\/\/mx-3.lt\/index.php?rest_route=\/wp\/v2\/types\/page"}],"author":[{"embeddable":true,"href":"https:\/\/mx-3.lt\/index.php?rest_route=\/wp\/v2\/users\/3"}],"replies":[{"embeddable":true,"href":"https:\/\/mx-3.lt\/index.php?rest_route=%2Fwp%2Fv2%2Fcomments&post=592"}],"version-history":[{"count":2,"href":"https:\/\/mx-3.lt\/index.php?rest_route=\/wp\/v2\/pages\/592\/revisions"}],"predecessor-version":[{"id":611,"href":"https:\/\/mx-3.lt\/index.php?rest_route=\/wp\/v2\/pages\/592\/revisions\/611"}],"wp:attachment":[{"href":"https:\/\/mx-3.lt\/index.php?rest_route=%2Fwp%2Fv2%2Fmedia&parent=592"}],"curies":[{"name":"wp","href":"https:\/\/api.w.org\/{rel}","templated":true}]}}