{"id":604,"date":"2018-02-24T15:15:39","date_gmt":"2018-02-24T13:15:39","guid":{"rendered":"http:\/\/mx-3.lt\/?page_id=604"},"modified":"2018-02-24T15:15:39","modified_gmt":"2018-02-24T13:15:39","slug":"vaziuokle","status":"publish","type":"page","link":"https:\/\/mx-3.lt\/?page_id=604","title":{"rendered":"Va\u017eiuokl\u0117"},"content":{"rendered":"<p><strong>Priekin\u0117 pakaba<\/strong><br \/>\n<img loading=\"lazy\" class=\"aligncenter size-full wp-image-600\" src=\"http:\/\/mx-3.lt\/wp-content\/uploads\/2018\/02\/pakaba_1.gif\" alt=\"\" width=\"580\" height=\"516\" \/><br \/>\n1. Amortizatoriaus spyruokl\u0117 ir amortizatorius<br \/>\n2. Priekin\u0117 \u0161ak\u0117<br \/>\n3. Priekinis stabilizatorius<br \/>\n4. Priekinio stabilizatoriaus trauk\u0117<br \/>\n5. Traverse Member (?)<br \/>\n6. Front Crossmember (?)<\/p>\n<p><strong>Galin\u0117 pakaba<\/strong><br \/>\n<img loading=\"lazy\" class=\"aligncenter size-full wp-image-601\" src=\"http:\/\/mx-3.lt\/wp-content\/uploads\/2018\/02\/pakaba_2.gif\" alt=\"\" width=\"580\" height=\"466\" \/><br \/>\n1. Amortizatoriaus spyruokl\u0117 ir amortizatorius<br \/>\n2.<br \/>\n3. Galinis stabilizatorius<br \/>\n4. Galinio stabilizatoriaus trauk\u0117<br \/>\n5. Galin\u0117 \u0161ak\u0117<\/p>\n","protected":false},"excerpt":{"rendered":"<p>Priekin\u0117 pakaba 1. Amortizatoriaus spyruokl\u0117 ir amortizatorius 2. Priekin\u0117 \u0161ak\u0117 3. Priekinis stabilizatorius 4. Priekinio stabilizatoriaus trauk\u0117 5. Traverse Member (?) 6. Front Crossmember (?) Galin\u0117 pakaba 1. Amortizatoriaus spyruokl\u0117 ir amortizatorius 2. 3.&#46;&#46;&#46;<\/p>\n","protected":false},"author":3,"featured_media":0,"parent":0,"menu_order":0,"comment_status":"closed","ping_status":"closed","template":"","meta":[],"_links":{"self":[{"href":"https:\/\/mx-3.lt\/index.php?rest_route=\/wp\/v2\/pages\/604"}],"collection":[{"href":"https:\/\/mx-3.lt\/index.php?rest_route=\/wp\/v2\/pages"}],"about":[{"href":"https:\/\/mx-3.lt\/index.php?rest_route=\/wp\/v2\/types\/page"}],"author":[{"embeddable":true,"href":"https:\/\/mx-3.lt\/index.php?rest_route=\/wp\/v2\/users\/3"}],"replies":[{"embeddable":true,"href":"https:\/\/mx-3.lt\/index.php?rest_route=%2Fwp%2Fv2%2Fcomments&post=604"}],"version-history":[{"count":1,"href":"https:\/\/mx-3.lt\/index.php?rest_route=\/wp\/v2\/pages\/604\/revisions"}],"predecessor-version":[{"id":605,"href":"https:\/\/mx-3.lt\/index.php?rest_route=\/wp\/v2\/pages\/604\/revisions\/605"}],"wp:attachment":[{"href":"https:\/\/mx-3.lt\/index.php?rest_route=%2Fwp%2Fv2%2Fmedia&parent=604"}],"curies":[{"name":"wp","href":"https:\/\/api.w.org\/{rel}","templated":true}]}}